{"id":409,"date":"2017-04-16T16:02:44","date_gmt":"2017-04-16T14:02:44","guid":{"rendered":"http:\/\/bchtlck.com\/?page_id=409"},"modified":"2017-04-16T16:02:44","modified_gmt":"2017-04-16T14:02:44","slug":"oer-schule","status":"publish","type":"page","link":"https:\/\/buchtaleck.eu\/?page_id=409","title":{"rendered":"OER Schule"},"content":{"rendered":"<p>OER ist das englische Akronym f\u00fcr Open Educational Ressources und hei\u00dft auf Deutsch soviel wie freie oder offene Bildungsmaterialien. Dies sind frei zug\u00e4ngliche Bildungsmaterialien, die beliebig ver\u00e4ndert und kopiert werden d\u00fcrfen. Somit k\u00f6nnen sie an die individuellen Bed\u00fcrfnisse von Lehrern und Sch\u00fclern angepasst werden.<\/p>\n<p>Gerne w\u00fcrde ich mehr OER-Materialien aus den Unterrichtsvor- und -nachbereitungen erstellen, aber es fehlt \u2013 und dies ist eine bildungspolitische Forderung \u2013 die Zeit daf\u00fcr. Es fehlt auch ein wenig eine Anlaufstelle.<\/p>\n<p>Aus diesem Grund sind manche Arbeitsbl\u00e4tter inhaltlich weniger umfassend, didaktisch weniger durchdacht oder \u00e4sthetisch weniger ansprechend, als sie es sein k\u00f6nnten. Gleichzeitig kann man sie auch als Work-in-Progress begreifen, denn nicht nur man selber, jeder andere kann mit diesem Material weiter arbeiten und es verbessern.<\/p>\n","protected":false},"excerpt":{"rendered":"<p>OER ist das englische Akronym f\u00fcr Open Educational Ressources und hei\u00dft auf Deutsch soviel wie freie oder offene Bildungsmaterialien. Dies sind frei zug\u00e4ngliche Bildungsmaterialien, die &hellip; <\/p>\n","protected":false},"author":1,"featured_media":0,"parent":0,"menu_order":0,"comment_status":"closed","ping_status":"closed","template":"","meta":{"jetpack_post_was_ever_published":false,"footnotes":""},"class_list":["post-409","page","type-page","status-publish","hentry"],"jetpack_sharing_enabled":true,"jetpack_shortlink":"https:\/\/wp.me\/P8Tjhp-6B","jetpack-related-posts":[],"jetpack_likes_enabled":true,"_links":{"self":[{"href":"https:\/\/buchtaleck.eu\/index.php?rest_route=\/wp\/v2\/pages\/409","targetHints":{"allow":["GET"]}}],"collection":[{"href":"https:\/\/buchtaleck.eu\/index.php?rest_route=\/wp\/v2\/pages"}],"about":[{"href":"https:\/\/buchtaleck.eu\/index.php?rest_route=\/wp\/v2\/types\/page"}],"author":[{"embeddable":true,"href":"https:\/\/buchtaleck.eu\/index.php?rest_route=\/wp\/v2\/users\/1"}],"replies":[{"embeddable":true,"href":"https:\/\/buchtaleck.eu\/index.php?rest_route=%2Fwp%2Fv2%2Fcomments&post=409"}],"version-history":[{"count":1,"href":"https:\/\/buchtaleck.eu\/index.php?rest_route=\/wp\/v2\/pages\/409\/revisions"}],"predecessor-version":[{"id":410,"href":"https:\/\/buchtaleck.eu\/index.php?rest_route=\/wp\/v2\/pages\/409\/revisions\/410"}],"wp:attachment":[{"href":"https:\/\/buchtaleck.eu\/index.php?rest_route=%2Fwp%2Fv2%2Fmedia&parent=409"}],"curies":[{"name":"wp","href":"https:\/\/api.w.org\/{rel}","templated":true}]}}